{"id":3,"date":"2021-06-16T09:27:01","date_gmt":"2021-06-16T07:27:01","guid":{"rendered":"http:\/\/192.168.34.155\/wordpress\/?page_id=3"},"modified":"2021-10-05T11:49:28","modified_gmt":"2021-10-05T09:49:28","slug":"impressum","status":"publish","type":"page","link":"https:\/\/irg-net.com\/index.php\/impressum\/","title":{"rendered":"Impressum"},"content":{"rendered":"\n<h2 class=\"wp-block-heading\">Angaben gem\u00e4\u00df \u00a7 5 TMG<\/h2>\n\n\n\n<p>Hakki Cemre G\u00fcnay<br>V\u00fcrfelser Kaule 6<br>51427 Bergisch Gladbach<\/p>\n\n\n\n<h2 class=\"wp-block-heading\">Kontakt<\/h2>\n\n\n\n<p class=\"has-black-color has-text-color\">E-Mail: cemre.guenay@irg-net.com<\/p>\n\n\n\n<h2 class=\"wp-block-heading\">Redaktionell verantwortlich<\/h2>\n\n\n\n<p>H. Cemre G\u00fcnay<\/p>\n\n\n\n<p>Quelle: <a href=\"https:\/\/www.e-recht24.de\">https:\/\/www.e-recht24.de<\/a><\/p>\n\n\n\n<p><\/p>\n","protected":false},"excerpt":{"rendered":"<p>Angaben gem\u00e4\u00df \u00a7 5 TMG Hakki Cemre G\u00fcnayV\u00fcrfelser Kaule 651427 Bergisch Gladbach Kontakt E-Mail: cemre.guenay@irg-net.com Redaktionell verantwortlich H. Cemre G\u00fcnay Quelle: https:\/\/www.e-recht24.de<\/p>\n","protected":false},"author":1,"featured_media":0,"parent":0,"menu_order":0,"comment_status":"closed","ping_status":"open","template":"","meta":{"footnotes":""},"class_list":["post-3","page","type-page","status-publish","hentry"],"yoast_head":"<!-- This site is optimized with the Yoast SEO plugin v27.5 - https:\/\/yoast.com\/product\/yoast-seo-wordpress\/ -->\n<title>Impressum - irgNET<\/title>\n<meta name=\"description\" content=\"Impressum &amp; Kontakt\" \/>\n<meta name=\"robots\" content=\"index, follow, max-snippet:-1, max-image-preview:large, max-video-preview:-1\" \/>\n<link rel=\"canonical\" href=\"https:\/\/irgnet-ga3w6nfbvw.live-website.com\/index.php\/impressum\/\" \/>\n<meta property=\"og:locale\" content=\"en_US\" \/>\n<meta property=\"og:type\" content=\"article\" \/>\n<meta property=\"og:title\" content=\"Impressum - irgNET\" \/>\n<meta property=\"og:description\" content=\"Impressum &amp; Kontakt\" \/>\n<meta property=\"og:url\" content=\"https:\/\/irgnet-ga3w6nfbvw.live-website.com\/index.php\/impressum\/\" \/>\n<meta property=\"og:site_name\" content=\"irgNET\" \/>\n<meta property=\"article:modified_time\" content=\"2021-10-05T09:49:28+00:00\" \/>\n<meta name=\"twitter:card\" content=\"summary_large_image\" \/>\n<meta name=\"twitter:site\" content=\"@irg_net\" \/>\n<meta name=\"twitter:label1\" content=\"Est. reading time\" \/>\n\t<meta name=\"twitter:data1\" content=\"1 minute\" \/>\n<script type=\"application\/ld+json\" class=\"yoast-schema-graph\">{\"@context\":\"https:\\\/\\\/schema.org\",\"@graph\":[{\"@type\":\"WebPage\",\"@id\":\"https:\\\/\\\/irgnet-ga3w6nfbvw.live-website.com\\\/index.php\\\/impressum\\\/\",\"url\":\"https:\\\/\\\/irgnet-ga3w6nfbvw.live-website.com\\\/index.php\\\/impressum\\\/\",\"name\":\"Impressum - irgNET\",\"isPartOf\":{\"@id\":\"https:\\\/\\\/irgnet-ga3w6nfbvw.live-website.com\\\/#website\"},\"datePublished\":\"2021-06-16T07:27:01+00:00\",\"dateModified\":\"2021-10-05T09:49:28+00:00\",\"description\":\"Impressum & Kontakt\",\"breadcrumb\":{\"@id\":\"https:\\\/\\\/irgnet-ga3w6nfbvw.live-website.com\\\/index.php\\\/impressum\\\/#breadcrumb\"},\"inLanguage\":\"en\",\"potentialAction\":[{\"@type\":\"ReadAction\",\"target\":[\"https:\\\/\\\/irgnet-ga3w6nfbvw.live-website.com\\\/index.php\\\/impressum\\\/\"]}]},{\"@type\":\"BreadcrumbList\",\"@id\":\"https:\\\/\\\/irgnet-ga3w6nfbvw.live-website.com\\\/index.php\\\/impressum\\\/#breadcrumb\",\"itemListElement\":[{\"@type\":\"ListItem\",\"position\":1,\"name\":\"Home\",\"item\":\"https:\\\/\\\/irgnet-ga3w6nfbvw.live-website.com\\\/\"},{\"@type\":\"ListItem\",\"position\":2,\"name\":\"Impressum\"}]},{\"@type\":\"WebSite\",\"@id\":\"https:\\\/\\\/irgnet-ga3w6nfbvw.live-website.com\\\/#website\",\"url\":\"https:\\\/\\\/irgnet-ga3w6nfbvw.live-website.com\\\/\",\"name\":\"irgNET\",\"description\":\"a virtual Knowledge Base\",\"publisher\":{\"@id\":\"https:\\\/\\\/irgnet-ga3w6nfbvw.live-website.com\\\/#organization\"},\"potentialAction\":[{\"@type\":\"SearchAction\",\"target\":{\"@type\":\"EntryPoint\",\"urlTemplate\":\"https:\\\/\\\/irgnet-ga3w6nfbvw.live-website.com\\\/?s={search_term_string}\"},\"query-input\":{\"@type\":\"PropertyValueSpecification\",\"valueRequired\":true,\"valueName\":\"search_term_string\"}}],\"inLanguage\":\"en\"},{\"@type\":\"Organization\",\"@id\":\"https:\\\/\\\/irgnet-ga3w6nfbvw.live-website.com\\\/#organization\",\"name\":\"irg-NET\",\"url\":\"https:\\\/\\\/irgnet-ga3w6nfbvw.live-website.com\\\/\",\"logo\":{\"@type\":\"ImageObject\",\"inLanguage\":\"en\",\"@id\":\"https:\\\/\\\/irgnet-ga3w6nfbvw.live-website.com\\\/#\\\/schema\\\/logo\\\/image\\\/\",\"url\":\"https:\\\/\\\/i2.wp.com\\\/irg-net.com\\\/wp-content\\\/uploads\\\/2021\\\/06\\\/cropped-FINAL-Removed-Alpha.png?fit=2048%2C2048&ssl=1\",\"contentUrl\":\"https:\\\/\\\/i2.wp.com\\\/irg-net.com\\\/wp-content\\\/uploads\\\/2021\\\/06\\\/cropped-FINAL-Removed-Alpha.png?fit=2048%2C2048&ssl=1\",\"width\":2048,\"height\":2048,\"caption\":\"irg-NET\"},\"image\":{\"@id\":\"https:\\\/\\\/irgnet-ga3w6nfbvw.live-website.com\\\/#\\\/schema\\\/logo\\\/image\\\/\"},\"sameAs\":[\"https:\\\/\\\/x.com\\\/irg_net\",\"https:\\\/\\\/www.linkedin.com\\\/in\\\/h-cemre-g\u00fcnay-2b61601b4\\\/\",\"https:\\\/\\\/www.youtube.com\\\/channel\\\/UC8GknhO5YMAkAoVxppu6aaQ\"]}]}<\/script>\n<!-- \/ Yoast SEO plugin. -->","yoast_head_json":{"title":"Impressum - irgNET","description":"Impressum & Kontakt","robots":{"index":"index","follow":"follow","max-snippet":"max-snippet:-1","max-image-preview":"max-image-preview:large","max-video-preview":"max-video-preview:-1"},"canonical":"https:\/\/irgnet-ga3w6nfbvw.live-website.com\/index.php\/impressum\/","og_locale":"en_US","og_type":"article","og_title":"Impressum - irgNET","og_description":"Impressum & Kontakt","og_url":"https:\/\/irgnet-ga3w6nfbvw.live-website.com\/index.php\/impressum\/","og_site_name":"irgNET","article_modified_time":"2021-10-05T09:49:28+00:00","twitter_card":"summary_large_image","twitter_site":"@irg_net","twitter_misc":{"Est. reading time":"1 minute"},"schema":{"@context":"https:\/\/schema.org","@graph":[{"@type":"WebPage","@id":"https:\/\/irgnet-ga3w6nfbvw.live-website.com\/index.php\/impressum\/","url":"https:\/\/irgnet-ga3w6nfbvw.live-website.com\/index.php\/impressum\/","name":"Impressum - irgNET","isPartOf":{"@id":"https:\/\/irgnet-ga3w6nfbvw.live-website.com\/#website"},"datePublished":"2021-06-16T07:27:01+00:00","dateModified":"2021-10-05T09:49:28+00:00","description":"Impressum & Kontakt","breadcrumb":{"@id":"https:\/\/irgnet-ga3w6nfbvw.live-website.com\/index.php\/impressum\/#breadcrumb"},"inLanguage":"en","potentialAction":[{"@type":"ReadAction","target":["https:\/\/irgnet-ga3w6nfbvw.live-website.com\/index.php\/impressum\/"]}]},{"@type":"BreadcrumbList","@id":"https:\/\/irgnet-ga3w6nfbvw.live-website.com\/index.php\/impressum\/#breadcrumb","itemListElement":[{"@type":"ListItem","position":1,"name":"Home","item":"https:\/\/irgnet-ga3w6nfbvw.live-website.com\/"},{"@type":"ListItem","position":2,"name":"Impressum"}]},{"@type":"WebSite","@id":"https:\/\/irgnet-ga3w6nfbvw.live-website.com\/#website","url":"https:\/\/irgnet-ga3w6nfbvw.live-website.com\/","name":"irgNET","description":"a virtual Knowledge Base","publisher":{"@id":"https:\/\/irgnet-ga3w6nfbvw.live-website.com\/#organization"},"potentialAction":[{"@type":"SearchAction","target":{"@type":"EntryPoint","urlTemplate":"https:\/\/irgnet-ga3w6nfbvw.live-website.com\/?s={search_term_string}"},"query-input":{"@type":"PropertyValueSpecification","valueRequired":true,"valueName":"search_term_string"}}],"inLanguage":"en"},{"@type":"Organization","@id":"https:\/\/irgnet-ga3w6nfbvw.live-website.com\/#organization","name":"irg-NET","url":"https:\/\/irgnet-ga3w6nfbvw.live-website.com\/","logo":{"@type":"ImageObject","inLanguage":"en","@id":"https:\/\/irgnet-ga3w6nfbvw.live-website.com\/#\/schema\/logo\/image\/","url":"https:\/\/i2.wp.com\/irg-net.com\/wp-content\/uploads\/2021\/06\/cropped-FINAL-Removed-Alpha.png?fit=2048%2C2048&ssl=1","contentUrl":"https:\/\/i2.wp.com\/irg-net.com\/wp-content\/uploads\/2021\/06\/cropped-FINAL-Removed-Alpha.png?fit=2048%2C2048&ssl=1","width":2048,"height":2048,"caption":"irg-NET"},"image":{"@id":"https:\/\/irgnet-ga3w6nfbvw.live-website.com\/#\/schema\/logo\/image\/"},"sameAs":["https:\/\/x.com\/irg_net","https:\/\/www.linkedin.com\/in\/h-cemre-g\u00fcnay-2b61601b4\/","https:\/\/www.youtube.com\/channel\/UC8GknhO5YMAkAoVxppu6aaQ"]}]}},"jetpack_sharing_enabled":true,"jetpack-related-posts":[],"_links":{"self":[{"href":"https:\/\/irg-net.com\/index.php\/wp-json\/wp\/v2\/pages\/3","targetHints":{"allow":["GET"]}}],"collection":[{"href":"https:\/\/irg-net.com\/index.php\/wp-json\/wp\/v2\/pages"}],"about":[{"href":"https:\/\/irg-net.com\/index.php\/wp-json\/wp\/v2\/types\/page"}],"author":[{"embeddable":true,"href":"https:\/\/irg-net.com\/index.php\/wp-json\/wp\/v2\/users\/1"}],"replies":[{"embeddable":true,"href":"https:\/\/irg-net.com\/index.php\/wp-json\/wp\/v2\/comments?post=3"}],"version-history":[{"count":3,"href":"https:\/\/irg-net.com\/index.php\/wp-json\/wp\/v2\/pages\/3\/revisions"}],"predecessor-version":[{"id":676,"href":"https:\/\/irg-net.com\/index.php\/wp-json\/wp\/v2\/pages\/3\/revisions\/676"}],"wp:attachment":[{"href":"https:\/\/irg-net.com\/index.php\/wp-json\/wp\/v2\/media?parent=3"}],"curies":[{"name":"wp","href":"https:\/\/api.w.org\/{rel}","templated":true}]}}